{"id":2718,"date":"2026-03-11T16:01:21","date_gmt":"2026-03-11T21:01:21","guid":{"rendered":"https:\/\/www.gestadesign.com\/?page_id=2718"},"modified":"2026-04-13T17:26:06","modified_gmt":"2026-04-13T22:26:06","slug":"consultoria_innovacion","status":"publish","type":"page","link":"https:\/\/www.gestadesign.com\/index.php\/consultoria_innovacion\/","title":{"rendered":"Consultor\u00eda e Innovaci\u00f3n"},"content":{"rendered":"\t\t<div data-elementor-type=\"wp-page\" data-elementor-id=\"2718\" class=\"elementor elementor-2718\">\n\t\t\t\t\t\t<section class=\"elementor-section elementor-top-section elementor-element elementor-element-673110c elementor-section-boxed elementor-section-height-default elementor-section-height-default\" data-id=\"673110c\" data-element_type=\"section\" data-e-type=\"section\" data-settings=\"{&quot;background_background&quot;:&quot;classic&quot;}\">\n\t\t\t\t\t\t\t<div class=\"elementor-background-overlay\"><\/div>\n\t\t\t\t\t\t\t<div class=\"elementor-container elementor-column-gap-default\">\n\t\t\t\t\t<div class=\"elementor-column elementor-col-50 elementor-top-column elementor-element elementor-element-3afb89c\" data-id=\"3afb89c\" data-element_type=\"column\" data-e-type=\"column\">\n\t\t\t<div class=\"elementor-widget-wrap elementor-element-populated\">\n\t\t\t\t\t\t<div class=\"elementor-element elementor-element-b845d81 elementor-widget elementor-widget-heading\" data-id=\"b845d81\" data-element_type=\"widget\" data-e-type=\"widget\" data-widget_type=\"heading.default\">\n\t\t\t\t<div class=\"elementor-widget-container\">\n\t\t\t\t\t<h1 class=\"elementor-heading-title elementor-size-default\">Portafolio<\/h1>\t\t\t\t<\/div>\n\t\t\t\t<\/div>\n\t\t\t\t\t<\/div>\n\t\t<\/div>\n\t\t\t\t<div class=\"elementor-column elementor-col-50 elementor-top-column elementor-element elementor-element-19ff1b7\" data-id=\"19ff1b7\" data-element_type=\"column\" data-e-type=\"column\">\n\t\t\t<div class=\"elementor-widget-wrap\">\n\t\t\t\t\t\t\t<\/div>\n\t\t<\/div>\n\t\t\t\t\t<\/div>\n\t\t<\/section>\n\t\t\t\t<section class=\"elementor-section elementor-top-section elementor-element elementor-element-e408ec9 elementor-section-boxed elementor-section-height-default elementor-section-height-default\" data-id=\"e408ec9\" data-element_type=\"section\" data-e-type=\"section\">\n\t\t\t\t\t\t<div class=\"elementor-container elementor-column-gap-default\">\n\t\t\t\t\t<div class=\"elementor-column elementor-col-100 elementor-top-column elementor-element elementor-element-5cfeac0\" data-id=\"5cfeac0\" data-element_type=\"column\" data-e-type=\"column\">\n\t\t\t<div class=\"elementor-widget-wrap elementor-element-populated\">\n\t\t\t\t\t\t<section class=\"elementor-section elementor-inner-section elementor-element elementor-element-2c6ac87 elementor-section-boxed elementor-section-height-default elementor-section-height-default\" data-id=\"2c6ac87\" data-element_type=\"section\" data-e-type=\"section\">\n\t\t\t\t\t\t<div class=\"elementor-container elementor-column-gap-default\">\n\t\t\t\t\t<div class=\"elementor-column elementor-col-50 elementor-inner-column elementor-element elementor-element-2116c6f\" data-id=\"2116c6f\" data-element_type=\"column\" data-e-type=\"column\">\n\t\t\t<div class=\"elementor-widget-wrap elementor-element-populated\">\n\t\t\t\t\t\t<div class=\"elementor-element elementor-element-535b43f elementor-widget elementor-widget-heading\" data-id=\"535b43f\" data-element_type=\"widget\" data-e-type=\"widget\" data-widget_type=\"heading.default\">\n\t\t\t\t<div class=\"elementor-widget-container\">\n\t\t\t\t\t<h3 class=\"elementor-heading-title elementor-size-default\"><span>Consultor\u00eda e Innovaci\u00f3n<\/span><\/h3>\t\t\t\t<\/div>\n\t\t\t\t<\/div>\n\t\t\t\t<div class=\"elementor-element elementor-element-eff59de elementor-widget elementor-widget-text-editor\" data-id=\"eff59de\" data-element_type=\"widget\" data-e-type=\"widget\" data-widget_type=\"text-editor.default\">\n\t\t\t\t<div class=\"elementor-widget-container\">\n\t\t\t\t\t\t\t\t\t<div class=\"elementor-element elementor-element-63bc5ec elementor-widget elementor-widget-heading\" data-id=\"63bc5ec\" data-element_type=\"widget\" data-e-type=\"widget\" data-widget_type=\"heading.default\"><div class=\"elementor-widget-container\"><h4 class=\"elementor-heading-title elementor-size-default\">Transformamos el an\u00e1lisis profundo en el motor de tu crecimiento comercial.<\/h4><\/div><\/div>\t\t\t\t\t\t\t\t<\/div>\n\t\t\t\t<\/div>\n\t\t\t\t\t<\/div>\n\t\t<\/div>\n\t\t\t\t<div class=\"elementor-column elementor-col-50 elementor-inner-column elementor-element elementor-element-3663a5a\" data-id=\"3663a5a\" data-element_type=\"column\" data-e-type=\"column\">\n\t\t\t<div class=\"elementor-widget-wrap elementor-element-populated\">\n\t\t\t\t\t\t<div class=\"elementor-element elementor-element-8145421 elementor-widget elementor-widget-text-editor\" data-id=\"8145421\" data-element_type=\"widget\" data-e-type=\"widget\" data-widget_type=\"text-editor.default\">\n\t\t\t\t<div class=\"elementor-widget-container\">\n\t\t\t\t\t\t\t\t\t<p><span data-path-to-node=\"5,1\"><span class=\"citation-120\">Llevamos la innovaci\u00f3n al n\u00facleo de tu organizaci\u00f3n mediante un an\u00e1lisis profundo del entorno interno y externo<\/span><\/span><span data-path-to-node=\"5,3\">.\u00a0<\/span><span data-path-to-node=\"5,5\"><span class=\"citation-119\">No improvisamos; aplicamos metodolog\u00edas de gesti\u00f3n de la innovaci\u00f3n para crear soluciones \u00fanicas que generen valor real<\/span><\/span><span data-path-to-node=\"5,7\">.<\/span><\/p>\t\t\t\t\t\t\t\t<\/div>\n\t\t\t\t<\/div>\n\t\t\t\t\t<\/div>\n\t\t<\/div>\n\t\t\t\t\t<\/div>\n\t\t<\/section>\n\t\t\t\t<div class=\"elementor-element elementor-element-2b6a00d gallery-spacing-custom elementor-widget elementor-widget-image-gallery\" data-id=\"2b6a00d\" data-element_type=\"widget\" data-e-type=\"widget\" data-widget_type=\"image-gallery.default\">\n\t\t\t\t<div class=\"elementor-widget-container\">\n\t\t\t\t\t\t\t<div class=\"elementor-image-gallery\">\n\t\t\t<div id='gallery-1' class='gallery galleryid-2718 gallery-columns-3 gallery-size-full'><figure class='gallery-item'>\n\t\t\t<div class='gallery-icon landscape'>\n\t\t\t\t<a data-elementor-open-lightbox=\"yes\" data-elementor-lightbox-slideshow=\"2b6a00d\" data-elementor-lightbox-title=\"Asesoria-y-an\u00e1lisis-de-productos-2\" data-e-action-hash=\"#elementor-action%3Aaction%3Dlightbox%26settings%3DeyJpZCI6Mjg1MiwidXJsIjoiaHR0cHM6XC9cL3d3dy5nZXN0YWRlc2lnbi5jb21cL3dwLWNvbnRlbnRcL3VwbG9hZHNcLzIwMjZcLzA0XC9Bc2Vzb3JpYS15LWFuYWxpc2lzLWRlLXByb2R1Y3Rvcy0yLnBuZyIsInNsaWRlc2hvdyI6IjJiNmEwMGQifQ%3D%3D\" href='https:\/\/www.gestadesign.com\/wp-content\/uploads\/2026\/04\/Asesoria-y-analisis-de-productos-2.png'><img fetchpriority=\"high\" decoding=\"async\" width=\"900\" height=\"600\" src=\"https:\/\/www.gestadesign.com\/wp-content\/uploads\/2026\/04\/Asesoria-y-analisis-de-productos-2.png\" class=\"attachment-full size-full\" alt=\"\" srcset=\"https:\/\/www.gestadesign.com\/wp-content\/uploads\/2026\/04\/Asesoria-y-analisis-de-productos-2.png 900w, https:\/\/www.gestadesign.com\/wp-content\/uploads\/2026\/04\/Asesoria-y-analisis-de-productos-2-300x200.png 300w, https:\/\/www.gestadesign.com\/wp-content\/uploads\/2026\/04\/Asesoria-y-analisis-de-productos-2-768x512.png 768w\" sizes=\"(max-width: 900px) 100vw, 900px\" \/><\/a>\n\t\t\t<\/div><\/figure><figure class='gallery-item'>\n\t\t\t<div class='gallery-icon landscape'>\n\t\t\t\t<a data-elementor-open-lightbox=\"yes\" data-elementor-lightbox-slideshow=\"2b6a00d\" data-elementor-lightbox-title=\"Asesor\u00eda-empresarial-3\" data-e-action-hash=\"#elementor-action%3Aaction%3Dlightbox%26settings%3DeyJpZCI6Mjg0OCwidXJsIjoiaHR0cHM6XC9cL3d3dy5nZXN0YWRlc2lnbi5jb21cL3dwLWNvbnRlbnRcL3VwbG9hZHNcLzIwMjZcLzA0XC9Bc2Vzb3JpYS1lbXByZXNhcmlhbC0zLnBuZyIsInNsaWRlc2hvdyI6IjJiNmEwMGQifQ%3D%3D\" href='https:\/\/www.gestadesign.com\/wp-content\/uploads\/2026\/04\/Asesoria-empresarial-3.png'><img decoding=\"async\" width=\"900\" height=\"600\" src=\"https:\/\/www.gestadesign.com\/wp-content\/uploads\/2026\/04\/Asesoria-empresarial-3.png\" class=\"attachment-full size-full\" alt=\"\" srcset=\"https:\/\/www.gestadesign.com\/wp-content\/uploads\/2026\/04\/Asesoria-empresarial-3.png 900w, https:\/\/www.gestadesign.com\/wp-content\/uploads\/2026\/04\/Asesoria-empresarial-3-300x200.png 300w, https:\/\/www.gestadesign.com\/wp-content\/uploads\/2026\/04\/Asesoria-empresarial-3-768x512.png 768w\" sizes=\"(max-width: 900px) 100vw, 900px\" \/><\/a>\n\t\t\t<\/div><\/figure><figure class='gallery-item'>\n\t\t\t<div class='gallery-icon landscape'>\n\t\t\t\t<a data-elementor-open-lightbox=\"yes\" data-elementor-lightbox-slideshow=\"2b6a00d\" data-elementor-lightbox-title=\"Asesor\u00eda-empresarial\" data-e-action-hash=\"#elementor-action%3Aaction%3Dlightbox%26settings%3DeyJpZCI6Mjg0NiwidXJsIjoiaHR0cHM6XC9cL3d3dy5nZXN0YWRlc2lnbi5jb21cL3dwLWNvbnRlbnRcL3VwbG9hZHNcLzIwMjZcLzA0XC9Bc2Vzb3JpYS1lbXByZXNhcmlhbC5wbmciLCJzbGlkZXNob3ciOiIyYjZhMDBkIn0%3D\" href='https:\/\/www.gestadesign.com\/wp-content\/uploads\/2026\/04\/Asesoria-empresarial.png'><img decoding=\"async\" width=\"900\" height=\"600\" src=\"https:\/\/www.gestadesign.com\/wp-content\/uploads\/2026\/04\/Asesoria-empresarial.png\" class=\"attachment-full size-full\" alt=\"\" srcset=\"https:\/\/www.gestadesign.com\/wp-content\/uploads\/2026\/04\/Asesoria-empresarial.png 900w, https:\/\/www.gestadesign.com\/wp-content\/uploads\/2026\/04\/Asesoria-empresarial-300x200.png 300w, https:\/\/www.gestadesign.com\/wp-content\/uploads\/2026\/04\/Asesoria-empresarial-768x512.png 768w\" sizes=\"(max-width: 900px) 100vw, 900px\" \/><\/a>\n\t\t\t<\/div><\/figure><figure class='gallery-item'>\n\t\t\t<div class='gallery-icon landscape'>\n\t\t\t\t<a data-elementor-open-lightbox=\"yes\" data-elementor-lightbox-slideshow=\"2b6a00d\" data-elementor-lightbox-title=\"Asesoria-empresarial-4\" data-e-action-hash=\"#elementor-action%3Aaction%3Dlightbox%26settings%3DeyJpZCI6Mjg0OSwidXJsIjoiaHR0cHM6XC9cL3d3dy5nZXN0YWRlc2lnbi5jb21cL3dwLWNvbnRlbnRcL3VwbG9hZHNcLzIwMjZcLzA0XC9Bc2Vzb3JpYS1lbXByZXNhcmlhbC00LnBuZyIsInNsaWRlc2hvdyI6IjJiNmEwMGQifQ%3D%3D\" href='https:\/\/www.gestadesign.com\/wp-content\/uploads\/2026\/04\/Asesoria-empresarial-4.png'><img loading=\"lazy\" decoding=\"async\" width=\"900\" height=\"600\" src=\"https:\/\/www.gestadesign.com\/wp-content\/uploads\/2026\/04\/Asesoria-empresarial-4.png\" class=\"attachment-full size-full\" alt=\"\" srcset=\"https:\/\/www.gestadesign.com\/wp-content\/uploads\/2026\/04\/Asesoria-empresarial-4.png 900w, https:\/\/www.gestadesign.com\/wp-content\/uploads\/2026\/04\/Asesoria-empresarial-4-300x200.png 300w, https:\/\/www.gestadesign.com\/wp-content\/uploads\/2026\/04\/Asesoria-empresarial-4-768x512.png 768w\" sizes=\"(max-width: 900px) 100vw, 900px\" \/><\/a>\n\t\t\t<\/div><\/figure><figure class='gallery-item'>\n\t\t\t<div class='gallery-icon landscape'>\n\t\t\t\t<a data-elementor-open-lightbox=\"yes\" data-elementor-lightbox-slideshow=\"2b6a00d\" data-elementor-lightbox-title=\"Asesoria-y-an\u00e1lisis-de-productos\" data-e-action-hash=\"#elementor-action%3Aaction%3Dlightbox%26settings%3DeyJpZCI6Mjg1MSwidXJsIjoiaHR0cHM6XC9cL3d3dy5nZXN0YWRlc2lnbi5jb21cL3dwLWNvbnRlbnRcL3VwbG9hZHNcLzIwMjZcLzA0XC9Bc2Vzb3JpYS15LWFuYWxpc2lzLWRlLXByb2R1Y3Rvcy5wbmciLCJzbGlkZXNob3ciOiIyYjZhMDBkIn0%3D\" href='https:\/\/www.gestadesign.com\/wp-content\/uploads\/2026\/04\/Asesoria-y-analisis-de-productos.png'><img loading=\"lazy\" decoding=\"async\" width=\"900\" height=\"600\" src=\"https:\/\/www.gestadesign.com\/wp-content\/uploads\/2026\/04\/Asesoria-y-analisis-de-productos.png\" class=\"attachment-full size-full\" alt=\"\" srcset=\"https:\/\/www.gestadesign.com\/wp-content\/uploads\/2026\/04\/Asesoria-y-analisis-de-productos.png 900w, https:\/\/www.gestadesign.com\/wp-content\/uploads\/2026\/04\/Asesoria-y-analisis-de-productos-300x200.png 300w, https:\/\/www.gestadesign.com\/wp-content\/uploads\/2026\/04\/Asesoria-y-analisis-de-productos-768x512.png 768w\" sizes=\"(max-width: 900px) 100vw, 900px\" \/><\/a>\n\t\t\t<\/div><\/figure><figure class='gallery-item'>\n\t\t\t<div class='gallery-icon landscape'>\n\t\t\t\t<a data-elementor-open-lightbox=\"yes\" data-elementor-lightbox-slideshow=\"2b6a00d\" data-elementor-lightbox-title=\"Asesoria-empresarial-5\" data-e-action-hash=\"#elementor-action%3Aaction%3Dlightbox%26settings%3DeyJpZCI6Mjg1MCwidXJsIjoiaHR0cHM6XC9cL3d3dy5nZXN0YWRlc2lnbi5jb21cL3dwLWNvbnRlbnRcL3VwbG9hZHNcLzIwMjZcLzA0XC9Bc2Vzb3JpYS1lbXByZXNhcmlhbC01LnBuZyIsInNsaWRlc2hvdyI6IjJiNmEwMGQifQ%3D%3D\" href='https:\/\/www.gestadesign.com\/wp-content\/uploads\/2026\/04\/Asesoria-empresarial-5.png'><img loading=\"lazy\" decoding=\"async\" width=\"900\" height=\"600\" src=\"https:\/\/www.gestadesign.com\/wp-content\/uploads\/2026\/04\/Asesoria-empresarial-5.png\" class=\"attachment-full size-full\" alt=\"\" srcset=\"https:\/\/www.gestadesign.com\/wp-content\/uploads\/2026\/04\/Asesoria-empresarial-5.png 900w, https:\/\/www.gestadesign.com\/wp-content\/uploads\/2026\/04\/Asesoria-empresarial-5-300x200.png 300w, https:\/\/www.gestadesign.com\/wp-content\/uploads\/2026\/04\/Asesoria-empresarial-5-768x512.png 768w\" sizes=\"(max-width: 900px) 100vw, 900px\" \/><\/a>\n\t\t\t<\/div><\/figure><figure class='gallery-item'>\n\t\t\t<div class='gallery-icon landscape'>\n\t\t\t\t<a data-elementor-open-lightbox=\"yes\" data-elementor-lightbox-slideshow=\"2b6a00d\" data-elementor-lightbox-title=\"Asesor\u00eda-empresarial-2\" data-e-action-hash=\"#elementor-action%3Aaction%3Dlightbox%26settings%3DeyJpZCI6Mjg0NywidXJsIjoiaHR0cHM6XC9cL3d3dy5nZXN0YWRlc2lnbi5jb21cL3dwLWNvbnRlbnRcL3VwbG9hZHNcLzIwMjZcLzA0XC9Bc2Vzb3JpYS1lbXByZXNhcmlhbC0yLnBuZyIsInNsaWRlc2hvdyI6IjJiNmEwMGQifQ%3D%3D\" href='https:\/\/www.gestadesign.com\/wp-content\/uploads\/2026\/04\/Asesoria-empresarial-2.png'><img loading=\"lazy\" decoding=\"async\" width=\"900\" height=\"600\" src=\"https:\/\/www.gestadesign.com\/wp-content\/uploads\/2026\/04\/Asesoria-empresarial-2.png\" class=\"attachment-full size-full\" alt=\"\" srcset=\"https:\/\/www.gestadesign.com\/wp-content\/uploads\/2026\/04\/Asesoria-empresarial-2.png 900w, https:\/\/www.gestadesign.com\/wp-content\/uploads\/2026\/04\/Asesoria-empresarial-2-300x200.png 300w, https:\/\/www.gestadesign.com\/wp-content\/uploads\/2026\/04\/Asesoria-empresarial-2-768x512.png 768w\" sizes=\"(max-width: 900px) 100vw, 900px\" \/><\/a>\n\t\t\t<\/div><\/figure><figure class='gallery-item'>\n\t\t\t<div class='gallery-icon landscape'>\n\t\t\t\t<a data-elementor-open-lightbox=\"yes\" data-elementor-lightbox-slideshow=\"2b6a00d\" data-elementor-lightbox-title=\"Direccion-de-proyectos\" data-e-action-hash=\"#elementor-action%3Aaction%3Dlightbox%26settings%3DeyJpZCI6Mjg1MywidXJsIjoiaHR0cHM6XC9cL3d3dy5nZXN0YWRlc2lnbi5jb21cL3dwLWNvbnRlbnRcL3VwbG9hZHNcLzIwMjZcLzA0XC9EaXJlY2Npb24tZGUtcHJveWVjdG9zLnBuZyIsInNsaWRlc2hvdyI6IjJiNmEwMGQifQ%3D%3D\" href='https:\/\/www.gestadesign.com\/wp-content\/uploads\/2026\/04\/Direccion-de-proyectos.png'><img loading=\"lazy\" decoding=\"async\" width=\"900\" height=\"600\" src=\"https:\/\/www.gestadesign.com\/wp-content\/uploads\/2026\/04\/Direccion-de-proyectos.png\" class=\"attachment-full size-full\" alt=\"\" srcset=\"https:\/\/www.gestadesign.com\/wp-content\/uploads\/2026\/04\/Direccion-de-proyectos.png 900w, https:\/\/www.gestadesign.com\/wp-content\/uploads\/2026\/04\/Direccion-de-proyectos-300x200.png 300w, https:\/\/www.gestadesign.com\/wp-content\/uploads\/2026\/04\/Direccion-de-proyectos-768x512.png 768w\" sizes=\"(max-width: 900px) 100vw, 900px\" \/><\/a>\n\t\t\t<\/div><\/figure>\n\t\t<\/div>\n\t\t<\/div>\n\t\t\t\t\t\t<\/div>\n\t\t\t\t<\/div>\n\t\t\t\t\t<\/div>\n\t\t<\/div>\n\t\t\t\t\t<\/div>\n\t\t<\/section>\n\t\t\t\t<section class=\"elementor-section elementor-top-section elementor-element elementor-element-f7e04ed elementor-section-boxed elementor-section-height-default elementor-section-height-default\" data-id=\"f7e04ed\" data-element_type=\"section\" data-e-type=\"section\" data-settings=\"{&quot;background_background&quot;:&quot;classic&quot;}\">\n\t\t\t\t\t\t\t<div class=\"elementor-background-overlay\"><\/div>\n\t\t\t\t\t\t\t<div class=\"elementor-container elementor-column-gap-default\">\n\t\t\t\t\t<div class=\"elementor-column elementor-col-100 elementor-top-column elementor-element elementor-element-a2a584f\" data-id=\"a2a584f\" data-element_type=\"column\" data-e-type=\"column\">\n\t\t\t<div class=\"elementor-widget-wrap elementor-element-populated\">\n\t\t\t\t\t\t<div class=\"elementor-element elementor-element-970db43 elementor-widget elementor-widget-heading\" data-id=\"970db43\" data-element_type=\"widget\" data-e-type=\"widget\" data-widget_type=\"heading.default\">\n\t\t\t\t<div class=\"elementor-widget-container\">\n\t\t\t\t\t<h2 class=\"elementor-heading-title elementor-size-default\"><span>\u00bfListo para llevar tus proyectos al siguiente nivel?<\/span><br><\/h2>\t\t\t\t<\/div>\n\t\t\t\t<\/div>\n\t\t\t\t<div class=\"elementor-element elementor-element-e8f907d elementor-widget elementor-widget-text-editor\" data-id=\"e8f907d\" data-element_type=\"widget\" data-e-type=\"widget\" data-widget_type=\"text-editor.default\">\n\t\t\t\t<div class=\"elementor-widget-container\">\n\t\t\t\t\t\t\t\t\t<p><span style=\"color: #ffffff;\"><strong>Cont\u00e1ctanos<\/strong>\u00a0para conocer tus necesidades y as\u00ed poder plantear juntos, el mejor procedimiento para tu idea o proyecto<\/span><\/p>\t\t\t\t\t\t\t\t<\/div>\n\t\t\t\t<\/div>\n\t\t\t\t<div class=\"elementor-element elementor-element-43a09d8 elementor-align-center elementor-widget elementor-widget-button\" data-id=\"43a09d8\" data-element_type=\"widget\" data-e-type=\"widget\" data-widget_type=\"button.default\">\n\t\t\t\t<div class=\"elementor-widget-container\">\n\t\t\t\t\t\t\t\t\t<div class=\"elementor-button-wrapper\">\n\t\t\t\t\t<a class=\"elementor-button elementor-button-link elementor-size-md\" href=\"#\">\n\t\t\t\t\t\t<span class=\"elementor-button-content-wrapper\">\n\t\t\t\t\t\t\t\t\t<span class=\"elementor-button-text\">Cont\u00e1ctanos<\/span>\n\t\t\t\t\t<\/span>\n\t\t\t\t\t<\/a>\n\t\t\t\t<\/div>\n\t\t\t\t\t\t\t\t<\/div>\n\t\t\t\t<\/div>\n\t\t\t\t\t<\/div>\n\t\t<\/div>\n\t\t\t\t\t<\/div>\n\t\t<\/section>\n\t\t\t\t<\/div>\n\t\t","protected":false},"excerpt":{"rendered":"<p>Portafolio Consultor\u00eda e Innovaci\u00f3n Transformamos el an\u00e1lisis profundo en el motor de tu crecimiento comercial. Llevamos la innovaci\u00f3n al n\u00facleo de tu organizaci\u00f3n mediante un an\u00e1lisis profundo del entorno interno y externo.\u00a0No improvisamos; aplicamos metodolog\u00edas de gesti\u00f3n de la innovaci\u00f3n para crear soluciones \u00fanicas que generen valor real. \u00bfListo para llevar tus proyectos al siguiente&#8230;<\/p>\n","protected":false},"author":1,"featured_media":0,"parent":0,"menu_order":0,"comment_status":"closed","ping_status":"closed","template":"","meta":{"_kadence_starter_templates_imported_post":true,"_kad_post_transparent":"","_kad_post_title":"hide","_kad_post_layout":"fullwidth","_kad_post_sidebar_id":"","_kad_post_content_style":"unboxed","_kad_post_vertical_padding":"hide","_kad_post_feature":"hide","_kad_post_feature_position":"","_kad_post_header":false,"_kad_post_footer":false,"_kad_post_classname":"","footnotes":""},"class_list":["post-2718","page","type-page","status-publish","hentry"],"_links":{"self":[{"href":"https:\/\/www.gestadesign.com\/index.php\/wp-json\/wp\/v2\/pages\/2718","targetHints":{"allow":["GET"]}}],"collection":[{"href":"https:\/\/www.gestadesign.com\/index.php\/wp-json\/wp\/v2\/pages"}],"about":[{"href":"https:\/\/www.gestadesign.com\/index.php\/wp-json\/wp\/v2\/types\/page"}],"author":[{"embeddable":true,"href":"https:\/\/www.gestadesign.com\/index.php\/wp-json\/wp\/v2\/users\/1"}],"replies":[{"embeddable":true,"href":"https:\/\/www.gestadesign.com\/index.php\/wp-json\/wp\/v2\/comments?post=2718"}],"version-history":[{"count":13,"href":"https:\/\/www.gestadesign.com\/index.php\/wp-json\/wp\/v2\/pages\/2718\/revisions"}],"predecessor-version":[{"id":2856,"href":"https:\/\/www.gestadesign.com\/index.php\/wp-json\/wp\/v2\/pages\/2718\/revisions\/2856"}],"wp:attachment":[{"href":"https:\/\/www.gestadesign.com\/index.php\/wp-json\/wp\/v2\/media?parent=2718"}],"curies":[{"name":"wp","href":"https:\/\/api.w.org\/{rel}","templated":true}]}}